{"id":58,"date":"2025-10-20T07:11:54","date_gmt":"2025-10-20T07:11:54","guid":{"rendered":"https:\/\/docksta.cl\/?page_id=58"},"modified":"2025-10-20T07:17:44","modified_gmt":"2025-10-20T07:17:44","slug":"galeria","status":"publish","type":"page","link":"https:\/\/docksta.cl\/index.php\/galeria\/","title":{"rendered":"Galer\u00eda"},"content":{"rendered":"\n<p>.<\/p>\n\n\n\n<div class=\"wp-block-group has-global-padding is-layout-constrained wp-block-group-is-layout-constrained\"><\/div>\n\n\n\n<p class=\"has-text-align-center\">Cada fotograf\u00eda cuenta una historia.<br>Descubre los momentos que dan vida a nuestra comunidad educativa: actividades, logros, celebraciones y el d\u00eda a d\u00eda de nuestros estudiantes aprendiendo con alegr\u00eda y compromiso.<\/p>\n\n\n\n<div class=\"wp-block-group has-global-padding is-layout-constrained wp-block-group-is-layout-constrained\">\n<figure class=\"wp-block-gallery has-nested-images columns-default is-cropped wp-block-gallery-1 is-layout-flex wp-block-gallery-is-layout-flex\">\n<figure class=\"wp-block-image size-large\"><img loading=\"lazy\" decoding=\"async\" width=\"960\" height=\"720\" data-id=\"51\" src=\"https:\/\/docksta.cl\/wp-content\/uploads\/2025\/10\/49212529_285768522290888_6229030776361451520_n.jpg\" alt=\"\" class=\"wp-image-51\" srcset=\"https:\/\/docksta.cl\/wp-content\/uploads\/2025\/10\/49212529_285768522290888_6229030776361451520_n.jpg 960w, https:\/\/docksta.cl\/wp-content\/uploads\/2025\/10\/49212529_285768522290888_6229030776361451520_n-300x225.jpg 300w, https:\/\/docksta.cl\/wp-content\/uploads\/2025\/10\/49212529_285768522290888_6229030776361451520_n-768x576.jpg 768w\" sizes=\"auto, (max-width: 960px) 100vw, 960px\" \/><\/figure>\n\n\n\n<figure class=\"wp-block-image size-large\"><img loading=\"lazy\" decoding=\"async\" width=\"1024\" height=\"1024\" data-id=\"50\" src=\"https:\/\/docksta.cl\/wp-content\/uploads\/2025\/10\/64876067_374815196719553_6419813764815650816_n.jpg\" alt=\"\" class=\"wp-image-50\" srcset=\"https:\/\/docksta.cl\/wp-content\/uploads\/2025\/10\/64876067_374815196719553_6419813764815650816_n.jpg 1024w, https:\/\/docksta.cl\/wp-content\/uploads\/2025\/10\/64876067_374815196719553_6419813764815650816_n-300x300.jpg 300w, https:\/\/docksta.cl\/wp-content\/uploads\/2025\/10\/64876067_374815196719553_6419813764815650816_n-150x150.jpg 150w, https:\/\/docksta.cl\/wp-content\/uploads\/2025\/10\/64876067_374815196719553_6419813764815650816_n-768x768.jpg 768w\" sizes=\"auto, (max-width: 1024px) 100vw, 1024px\" \/><\/figure>\n\n\n\n<figure class=\"wp-block-image size-large\"><img loading=\"lazy\" decoding=\"async\" width=\"1024\" height=\"474\" data-id=\"49\" src=\"https:\/\/docksta.cl\/wp-content\/uploads\/2025\/10\/65565384_374814980052908_3079028167210434560_n.png\" alt=\"\" class=\"wp-image-49\" srcset=\"https:\/\/docksta.cl\/wp-content\/uploads\/2025\/10\/65565384_374814980052908_3079028167210434560_n.png 1024w, https:\/\/docksta.cl\/wp-content\/uploads\/2025\/10\/65565384_374814980052908_3079028167210434560_n-300x139.png 300w, https:\/\/docksta.cl\/wp-content\/uploads\/2025\/10\/65565384_374814980052908_3079028167210434560_n-768x356.png 768w\" sizes=\"auto, (max-width: 1024px) 100vw, 1024px\" \/><\/figure>\n\n\n\n<figure class=\"wp-block-image size-large\"><img loading=\"lazy\" decoding=\"async\" width=\"768\" height=\"1024\" data-id=\"48\" src=\"https:\/\/docksta.cl\/wp-content\/uploads\/2025\/10\/65162639_374814143386325_3291421094635896832_n.jpg\" alt=\"\" class=\"wp-image-48\" srcset=\"https:\/\/docksta.cl\/wp-content\/uploads\/2025\/10\/65162639_374814143386325_3291421094635896832_n.jpg 768w, https:\/\/docksta.cl\/wp-content\/uploads\/2025\/10\/65162639_374814143386325_3291421094635896832_n-225x300.jpg 225w\" sizes=\"auto, (max-width: 768px) 100vw, 768px\" \/><\/figure>\n\n\n\n<figure class=\"wp-block-image size-large\"><img loading=\"lazy\" decoding=\"async\" width=\"1024\" height=\"768\" data-id=\"27\" src=\"https:\/\/docksta.cl\/wp-content\/uploads\/2025\/10\/46275272_254482735419467_6275713123794026496_n-1024x768.jpg\" alt=\"\" class=\"wp-image-27\" srcset=\"https:\/\/docksta.cl\/wp-content\/uploads\/2025\/10\/46275272_254482735419467_6275713123794026496_n-1024x768.jpg 1024w, https:\/\/docksta.cl\/wp-content\/uploads\/2025\/10\/46275272_254482735419467_6275713123794026496_n-300x225.jpg 300w, https:\/\/docksta.cl\/wp-content\/uploads\/2025\/10\/46275272_254482735419467_6275713123794026496_n-768x576.jpg 768w, https:\/\/docksta.cl\/wp-content\/uploads\/2025\/10\/46275272_254482735419467_6275713123794026496_n-1536x1152.jpg 1536w, https:\/\/docksta.cl\/wp-content\/uploads\/2025\/10\/46275272_254482735419467_6275713123794026496_n.jpg 2048w\" sizes=\"auto, (max-width: 1024px) 100vw, 1024px\" \/><\/figure>\n\n\n\n<figure class=\"wp-block-image size-large\"><img loading=\"lazy\" decoding=\"async\" width=\"1024\" height=\"768\" data-id=\"15\" src=\"https:\/\/docksta.cl\/wp-content\/uploads\/2025\/10\/60881695_354148385452901_6701667132440051712_n-1-1024x768.jpg\" alt=\"\" class=\"wp-image-15\" srcset=\"https:\/\/docksta.cl\/wp-content\/uploads\/2025\/10\/60881695_354148385452901_6701667132440051712_n-1-1024x768.jpg 1024w, https:\/\/docksta.cl\/wp-content\/uploads\/2025\/10\/60881695_354148385452901_6701667132440051712_n-1-300x225.jpg 300w, https:\/\/docksta.cl\/wp-content\/uploads\/2025\/10\/60881695_354148385452901_6701667132440051712_n-1-768x576.jpg 768w, https:\/\/docksta.cl\/wp-content\/uploads\/2025\/10\/60881695_354148385452901_6701667132440051712_n-1.jpg 1040w\" sizes=\"auto, (max-width: 1024px) 100vw, 1024px\" \/><\/figure>\n\n\n\n<figure class=\"wp-block-image size-large\"><img loading=\"lazy\" decoding=\"async\" width=\"960\" height=\"720\" data-id=\"8\" src=\"https:\/\/docksta.cl\/wp-content\/uploads\/2025\/10\/49899082_285768565624217_6106705323177803776_n.jpg\" alt=\"\" class=\"wp-image-8\" srcset=\"https:\/\/docksta.cl\/wp-content\/uploads\/2025\/10\/49899082_285768565624217_6106705323177803776_n.jpg 960w, https:\/\/docksta.cl\/wp-content\/uploads\/2025\/10\/49899082_285768565624217_6106705323177803776_n-300x225.jpg 300w, https:\/\/docksta.cl\/wp-content\/uploads\/2025\/10\/49899082_285768565624217_6106705323177803776_n-768x576.jpg 768w\" sizes=\"auto, (max-width: 960px) 100vw, 960px\" \/><\/figure>\n\n\n\n<figure class=\"wp-block-image size-large\"><img loading=\"lazy\" decoding=\"async\" width=\"1024\" height=\"768\" data-id=\"7\" src=\"https:\/\/docksta.cl\/wp-content\/uploads\/2025\/10\/60881695_354148385452901_6701667132440051712_n-1024x768.jpg\" alt=\"\" class=\"wp-image-7\" srcset=\"https:\/\/docksta.cl\/wp-content\/uploads\/2025\/10\/60881695_354148385452901_6701667132440051712_n-1024x768.jpg 1024w, https:\/\/docksta.cl\/wp-content\/uploads\/2025\/10\/60881695_354148385452901_6701667132440051712_n-300x225.jpg 300w, https:\/\/docksta.cl\/wp-content\/uploads\/2025\/10\/60881695_354148385452901_6701667132440051712_n-768x576.jpg 768w, https:\/\/docksta.cl\/wp-content\/uploads\/2025\/10\/60881695_354148385452901_6701667132440051712_n.jpg 1040w\" sizes=\"auto, (max-width: 1024px) 100vw, 1024px\" \/><\/figure>\n<\/figure>\n<\/div>\n","protected":false},"excerpt":{"rendered":"<p>. Cada fotograf\u00eda cuenta una historia.Descubre los momentos que dan vida a nuestra comunidad educativa: actividades, logros, celebraciones y el d\u00eda a d\u00eda de nuestros estudiantes aprendiendo con alegr\u00eda y compromiso.<\/p>\n","protected":false},"author":1,"featured_media":0,"parent":0,"menu_order":0,"comment_status":"closed","ping_status":"closed","template":"page-no-gap","meta":{"footnotes":""},"class_list":["post-58","page","type-page","status-publish","hentry"],"_links":{"self":[{"href":"https:\/\/docksta.cl\/index.php\/wp-json\/wp\/v2\/pages\/58","targetHints":{"allow":["GET"]}}],"collection":[{"href":"https:\/\/docksta.cl\/index.php\/wp-json\/wp\/v2\/pages"}],"about":[{"href":"https:\/\/docksta.cl\/index.php\/wp-json\/wp\/v2\/types\/page"}],"author":[{"embeddable":true,"href":"https:\/\/docksta.cl\/index.php\/wp-json\/wp\/v2\/users\/1"}],"replies":[{"embeddable":true,"href":"https:\/\/docksta.cl\/index.php\/wp-json\/wp\/v2\/comments?post=58"}],"version-history":[{"count":5,"href":"https:\/\/docksta.cl\/index.php\/wp-json\/wp\/v2\/pages\/58\/revisions"}],"predecessor-version":[{"id":66,"href":"https:\/\/docksta.cl\/index.php\/wp-json\/wp\/v2\/pages\/58\/revisions\/66"}],"wp:attachment":[{"href":"https:\/\/docksta.cl\/index.php\/wp-json\/wp\/v2\/media?parent=58"}],"curies":[{"name":"wp","href":"https:\/\/api.w.org\/{rel}","templated":true}]}}