{"id":45,"date":"2025-10-20T06:42:04","date_gmt":"2025-10-20T06:42:04","guid":{"rendered":"https:\/\/docksta.cl\/?page_id=45"},"modified":"2025-10-20T06:59:05","modified_gmt":"2025-10-20T06:59:05","slug":"infraestructura","status":"publish","type":"page","link":"https:\/\/docksta.cl\/index.php\/infraestructura\/","title":{"rendered":"Infraestructura"},"content":{"rendered":"\n<p>.<\/p>\n\n\n\n<div class=\"wp-block-group has-global-padding is-layout-constrained wp-block-group-is-layout-constrained\">\n<h3 class=\"wp-block-heading has-text-align-center has-highlight-color has-text-color has-link-color has-body-font-family wp-elements-eda30089d94c323fb5f86f0cad4cb4d6\">Infraestructura y Servicios<\/h3>\n<\/div>\n\n\n\n<div class=\"wp-block-group has-global-padding is-layout-constrained wp-block-group-is-layout-constrained\">\n<p class=\"has-text-align-center\">Contamos con espacios amplios, seguros y equipados con tecnolog\u00eda educativa de vanguardia, dise\u00f1ados para ofrecer un ambiente c\u00f3modo, inclusivo y estimulante para el aprendizaje de todos nuestros estudiantes.<\/p>\n<\/div>\n\n\n\n<div class=\"wp-block-media-text is-stacked-on-mobile\" style=\"grid-template-columns:59% auto\"><figure class=\"wp-block-media-text__media\"><img loading=\"lazy\" decoding=\"async\" width=\"1024\" height=\"1024\" src=\"https:\/\/docksta.cl\/wp-content\/uploads\/2025\/10\/64876067_374815196719553_6419813764815650816_n.jpg\" alt=\"\" class=\"wp-image-50 size-full\" srcset=\"https:\/\/docksta.cl\/wp-content\/uploads\/2025\/10\/64876067_374815196719553_6419813764815650816_n.jpg 1024w, https:\/\/docksta.cl\/wp-content\/uploads\/2025\/10\/64876067_374815196719553_6419813764815650816_n-300x300.jpg 300w, https:\/\/docksta.cl\/wp-content\/uploads\/2025\/10\/64876067_374815196719553_6419813764815650816_n-150x150.jpg 150w, https:\/\/docksta.cl\/wp-content\/uploads\/2025\/10\/64876067_374815196719553_6419813764815650816_n-768x768.jpg 768w\" sizes=\"auto, (max-width: 1024px) 100vw, 1024px\" \/><\/figure><div class=\"wp-block-media-text__content\">\n<h3 class=\"wp-block-heading has-highlight-color has-text-color has-link-color has-body-font-family wp-elements-06ab28b228fe721c7ee7ad36b1290c03\">\u2022 Salas amplias, con capacidad para 45 estudiantes<br><br>\u2022 Cada aula cuenta con pantalla interactiva, data, purificador de aire, calefacci\u00f3n central e iluminaci\u00f3n adecuada.<br><br>\u2022 Laboratorio de ciencias totalmente equipado.<\/h3>\n<\/div><\/div>\n\n\n\n<p>.<\/p>\n\n\n\n<div class=\"wp-block-group has-global-padding is-layout-constrained wp-block-group-is-layout-constrained\">\n<div class=\"wp-block-columns is-layout-flex wp-container-core-columns-is-layout-28f84493 wp-block-columns-is-layout-flex\">\n<div class=\"wp-block-column is-layout-flow wp-block-column-is-layout-flow\">\n<h3 class=\"wp-block-heading has-highlight-color has-text-color has-link-color has-body-font-family wp-elements-c9e9be0ca7e9cd65e8a94dd976f6f3b4\">\u2022 Biblioteca de 100 m\u00b2.<br><br>\u2022 Multicancha techada y amplios patios.<br><br>\u2022 Transporte escolar gratuito para estudiantes que viven a m\u00e1s de 8 cuadras.<br><br>\u2022 Servicio de alimentaci\u00f3n JUNAEB.<\/h3>\n<\/div>\n\n\n\n<div class=\"wp-block-column is-layout-flow wp-block-column-is-layout-flow\">\n<figure class=\"wp-block-image size-full\"><img loading=\"lazy\" decoding=\"async\" width=\"960\" height=\"720\" src=\"https:\/\/docksta.cl\/wp-content\/uploads\/2025\/10\/49212529_285768522290888_6229030776361451520_n.jpg\" alt=\"\" class=\"wp-image-51\" srcset=\"https:\/\/docksta.cl\/wp-content\/uploads\/2025\/10\/49212529_285768522290888_6229030776361451520_n.jpg 960w, https:\/\/docksta.cl\/wp-content\/uploads\/2025\/10\/49212529_285768522290888_6229030776361451520_n-300x225.jpg 300w, https:\/\/docksta.cl\/wp-content\/uploads\/2025\/10\/49212529_285768522290888_6229030776361451520_n-768x576.jpg 768w\" sizes=\"auto, (max-width: 960px) 100vw, 960px\" \/><\/figure>\n<\/div>\n<\/div>\n<\/div>\n","protected":false},"excerpt":{"rendered":"<p>. Infraestructura y Servicios Contamos con espacios amplios, seguros y equipados con tecnolog\u00eda educativa de vanguardia, dise\u00f1ados para ofrecer un ambiente c\u00f3modo, inclusivo y estimulante para el aprendizaje de todos nuestros estudiantes. \u2022 Salas amplias, con capacidad para 45 estudiantes \u2022 Cada aula cuenta con pantalla interactiva, data, purificador de aire, calefacci\u00f3n central e iluminaci\u00f3n [&hellip;]<\/p>\n","protected":false},"author":1,"featured_media":0,"parent":0,"menu_order":0,"comment_status":"closed","ping_status":"closed","template":"page-no-gap","meta":{"footnotes":""},"class_list":["post-45","page","type-page","status-publish","hentry"],"_links":{"self":[{"href":"https:\/\/docksta.cl\/index.php\/wp-json\/wp\/v2\/pages\/45","targetHints":{"allow":["GET"]}}],"collection":[{"href":"https:\/\/docksta.cl\/index.php\/wp-json\/wp\/v2\/pages"}],"about":[{"href":"https:\/\/docksta.cl\/index.php\/wp-json\/wp\/v2\/types\/page"}],"author":[{"embeddable":true,"href":"https:\/\/docksta.cl\/index.php\/wp-json\/wp\/v2\/users\/1"}],"replies":[{"embeddable":true,"href":"https:\/\/docksta.cl\/index.php\/wp-json\/wp\/v2\/comments?post=45"}],"version-history":[{"count":3,"href":"https:\/\/docksta.cl\/index.php\/wp-json\/wp\/v2\/pages\/45\/revisions"}],"predecessor-version":[{"id":52,"href":"https:\/\/docksta.cl\/index.php\/wp-json\/wp\/v2\/pages\/45\/revisions\/52"}],"wp:attachment":[{"href":"https:\/\/docksta.cl\/index.php\/wp-json\/wp\/v2\/media?parent=45"}],"curies":[{"name":"wp","href":"https:\/\/api.w.org\/{rel}","templated":true}]}}