{"id":30,"date":"2025-10-20T06:20:10","date_gmt":"2025-10-20T06:20:10","guid":{"rendered":"https:\/\/docksta.cl\/?page_id=30"},"modified":"2025-10-20T06:20:52","modified_gmt":"2025-10-20T06:20:52","slug":"admision","status":"publish","type":"page","link":"https:\/\/docksta.cl\/index.php\/admision\/","title":{"rendered":"Admisi\u00f3n"},"content":{"rendered":"\n<div class=\"wp-block-group has-global-padding is-layout-constrained wp-block-group-is-layout-constrained\">\n<p class=\"has-text-align-center\">El proceso de admisi\u00f3n y matr\u00edcula se realiza a trav\u00e9s del portal Sistema de Admisi\u00f3n Escolar (SAE).<br>Las fechas para el proceso escolar 2026 son las establecidas por el Ministerio de Educaci\u00f3n.<\/p>\n<\/div>\n","protected":false},"excerpt":{"rendered":"<p>El proceso de admisi\u00f3n y matr\u00edcula se realiza a trav\u00e9s del portal Sistema de Admisi\u00f3n Escolar (SAE).Las fechas para el proceso escolar 2026 son las establecidas por el Ministerio de Educaci\u00f3n.<\/p>\n","protected":false},"author":1,"featured_media":0,"parent":0,"menu_order":0,"comment_status":"closed","ping_status":"closed","template":"page-no-gap","meta":{"footnotes":""},"class_list":["post-30","page","type-page","status-publish","hentry"],"_links":{"self":[{"href":"https:\/\/docksta.cl\/index.php\/wp-json\/wp\/v2\/pages\/30","targetHints":{"allow":["GET"]}}],"collection":[{"href":"https:\/\/docksta.cl\/index.php\/wp-json\/wp\/v2\/pages"}],"about":[{"href":"https:\/\/docksta.cl\/index.php\/wp-json\/wp\/v2\/types\/page"}],"author":[{"embeddable":true,"href":"https:\/\/docksta.cl\/index.php\/wp-json\/wp\/v2\/users\/1"}],"replies":[{"embeddable":true,"href":"https:\/\/docksta.cl\/index.php\/wp-json\/wp\/v2\/comments?post=30"}],"version-history":[{"count":2,"href":"https:\/\/docksta.cl\/index.php\/wp-json\/wp\/v2\/pages\/30\/revisions"}],"predecessor-version":[{"id":32,"href":"https:\/\/docksta.cl\/index.php\/wp-json\/wp\/v2\/pages\/30\/revisions\/32"}],"wp:attachment":[{"href":"https:\/\/docksta.cl\/index.php\/wp-json\/wp\/v2\/media?parent=30"}],"curies":[{"name":"wp","href":"https:\/\/api.w.org\/{rel}","templated":true}]}}