{"id":13,"date":"2025-10-20T05:53:31","date_gmt":"2025-10-20T05:53:31","guid":{"rendered":"https:\/\/docksta.cl\/?page_id=13"},"modified":"2025-10-20T06:40:50","modified_gmt":"2025-10-20T06:40:50","slug":"historia-y-filosofia","status":"publish","type":"page","link":"https:\/\/docksta.cl\/index.php\/historia-y-filosofia\/","title":{"rendered":"Historia"},"content":{"rendered":"\n<p class=\"has-highlight-color has-text-color has-link-color has-x-large-font-size wp-elements-9735ac450f1b4b0527789f2c29c2a358\">Rese\u00f1a Hist\u00f3rica<\/p>\n\n\n\n<div class=\"wp-block-media-text is-stacked-on-mobile\"><figure class=\"wp-block-media-text__media\"><img loading=\"lazy\" decoding=\"async\" width=\"1024\" height=\"768\" src=\"https:\/\/docksta.cl\/wp-content\/uploads\/2025\/10\/46275272_254482735419467_6275713123794026496_n-1024x768.jpg\" alt=\"\" class=\"wp-image-27 size-full\" srcset=\"https:\/\/docksta.cl\/wp-content\/uploads\/2025\/10\/46275272_254482735419467_6275713123794026496_n-1024x768.jpg 1024w, https:\/\/docksta.cl\/wp-content\/uploads\/2025\/10\/46275272_254482735419467_6275713123794026496_n-300x225.jpg 300w, https:\/\/docksta.cl\/wp-content\/uploads\/2025\/10\/46275272_254482735419467_6275713123794026496_n-768x576.jpg 768w, https:\/\/docksta.cl\/wp-content\/uploads\/2025\/10\/46275272_254482735419467_6275713123794026496_n-1536x1152.jpg 1536w, https:\/\/docksta.cl\/wp-content\/uploads\/2025\/10\/46275272_254482735419467_6275713123794026496_n.jpg 2048w\" sizes=\"auto, (max-width: 1024px) 100vw, 1024px\" \/><\/figure><div class=\"wp-block-media-text__content\">\n<p>En el a\u00f1o 1992 se materializa un sue\u00f1o largamente anhelado por una joven profesora de educaci\u00f3n diferencial, quien despu\u00e9s de cursar sus estudios fuera de su pueblo natal quiso volver a sus or\u00edgenes y colaborar con los ni\u00f1os de la comuna, brind\u00e1ndoles una educaci\u00f3n de calidad que fuera agente de movilidad y cambio social.<\/p>\n\n\n\n<p>Surge entonces la Escuela Especial de Trastornos Primarios de la Comunicaci\u00f3n Oral N\u00b034 \u201cDocksta\u201d, primera en Chile en dicha modalidad.<br>[\u2026]<br>Actualmente el Colegio Docksta cuenta con cerca de 400 alumnos, atendidos por 48 funcionarios entre docentes y asistentes de la educaci\u00f3n, liderados por Ver\u00f3nica Riquelme Mu\u00f1oz, profesora diferencial con menci\u00f3n en audici\u00f3n y lenguaje.<\/p>\n<\/div><\/div>\n\n\n\n<h2 class=\"wp-block-heading has-text-align-center has-highlight-color has-text-color has-link-color has-body-font-family wp-elements-7f0d06eaec64ae34d4aa654141863b24\">Visi\u00f3n<\/h2>\n\n\n\n<div class=\"wp-block-group has-global-padding is-layout-constrained wp-block-group-is-layout-constrained\">\n<p class=\"has-text-align-center\">Ser un polo de desarrollo y movilidad social de nuestra comuna, orientando su acci\u00f3n educadora en el humanismo cristiano, fortaleciendo a los alumnos(as) en el desarrollo pleno de sus capacidades, basados en el respeto, el amor y la equidad.<\/p>\n<\/div>\n\n\n\n<h2 class=\"wp-block-heading has-text-align-center has-highlight-color has-text-color has-link-color has-body-font-family wp-elements-5adff04f91dd378f1c795a1cf68db222\">Misi\u00f3n<\/h2>\n\n\n\n<div class=\"wp-block-group has-global-padding is-layout-constrained wp-block-group-is-layout-constrained\">\n<p class=\"has-text-align-center\">Satisfacer la necesidad educativa de alumnos(as) con trastornos primarios de la comunicaci\u00f3n, construyendo una identidad s\u00f3lida y promoviendo aprendizajes de calidad y equidad, con base en el humanismo cristiano y el uso de las TIC.<br>Ser promotores de una formaci\u00f3n acad\u00e9mica y val\u00f3rica integral, donde el ingl\u00e9s es la segunda lengua para un desarrollo competitivo y comprometido con la realidad local y nacional.<\/p>\n<\/div>\n","protected":false},"excerpt":{"rendered":"<p>Rese\u00f1a Hist\u00f3rica En el a\u00f1o 1992 se materializa un sue\u00f1o largamente anhelado por una joven profesora de educaci\u00f3n diferencial, quien despu\u00e9s de cursar sus estudios fuera de su pueblo natal quiso volver a sus or\u00edgenes y colaborar con los ni\u00f1os de la comuna, brind\u00e1ndoles una educaci\u00f3n de calidad que fuera agente de movilidad y cambio [&hellip;]<\/p>\n","protected":false},"author":1,"featured_media":0,"parent":0,"menu_order":0,"comment_status":"closed","ping_status":"closed","template":"page-no-gap","meta":{"footnotes":""},"class_list":["post-13","page","type-page","status-publish","hentry"],"_links":{"self":[{"href":"https:\/\/docksta.cl\/index.php\/wp-json\/wp\/v2\/pages\/13","targetHints":{"allow":["GET"]}}],"collection":[{"href":"https:\/\/docksta.cl\/index.php\/wp-json\/wp\/v2\/pages"}],"about":[{"href":"https:\/\/docksta.cl\/index.php\/wp-json\/wp\/v2\/types\/page"}],"author":[{"embeddable":true,"href":"https:\/\/docksta.cl\/index.php\/wp-json\/wp\/v2\/users\/1"}],"replies":[{"embeddable":true,"href":"https:\/\/docksta.cl\/index.php\/wp-json\/wp\/v2\/comments?post=13"}],"version-history":[{"count":7,"href":"https:\/\/docksta.cl\/index.php\/wp-json\/wp\/v2\/pages\/13\/revisions"}],"predecessor-version":[{"id":44,"href":"https:\/\/docksta.cl\/index.php\/wp-json\/wp\/v2\/pages\/13\/revisions\/44"}],"wp:attachment":[{"href":"https:\/\/docksta.cl\/index.php\/wp-json\/wp\/v2\/media?parent=13"}],"curies":[{"name":"wp","href":"https:\/\/api.w.org\/{rel}","templated":true}]}}